{"id":118,"date":"2018-05-06T20:05:12","date_gmt":"2018-05-06T17:05:12","guid":{"rendered":"http:\/\/www.psykoterapiamielenmaja.fi\/?page_id=118"},"modified":"2022-12-07T14:00:50","modified_gmt":"2022-12-07T12:00:50","slug":"yhteys","status":"publish","type":"page","link":"https:\/\/psykoterapiamielenmaja.fi\/?page_id=118","title":{"rendered":"Yhteys"},"content":{"rendered":"<p><strong>Osoite<\/strong><\/p>\n<p>Toimitilamme sijaitsevat historiallisessa Commercen kiinteist\u00f6ss\u00e4 Tampereen keskustorin laidalla psykoterapiakeskus Commercen tiloissa.<\/p>\n<p>Aleksis Kiven katu 24B 21-22, 33100 Tampere<\/p>\n<p>www.psykoterapiakeskuscommerce.fi<\/p>\n<p><strong>Puhelin<\/strong><\/p>\n<p>045 8436332<\/p>\n<p><strong>S\u00e4hk\u00f6posti<\/strong><\/p>\n<p>mielenmaja@gmail.com<\/p>\n<p><strong>Sosiaalinen media<\/strong><\/p>\n<p>LinkedIn: Suvi Karhum\u00e4ki<\/p>\n<p>Instagram: mielenmaja<\/p>\n","protected":false},"excerpt":{"rendered":"<p>Osoite Toimitilamme sijaitsevat historiallisessa Commercen kiinteist\u00f6ss\u00e4 Tampereen keskustorin laidalla psykoterapiakeskus Commercen tiloissa. Aleksis Kiven katu 24B 21-22, 33100 Tampere www.psykoterapiakeskuscommerce.fi Puhelin 045 8436332 S\u00e4hk\u00f6posti mielenmaja@gmail.com Sosiaalinen media LinkedIn: Suvi Karhum\u00e4ki Instagram: mielenmaja<\/p>\n","protected":false},"author":1,"featured_media":0,"parent":0,"menu_order":0,"comment_status":"closed","ping_status":"closed","template":"","meta":{"footnotes":""},"_links":{"self":[{"href":"https:\/\/psykoterapiamielenmaja.fi\/index.php?rest_route=\/wp\/v2\/pages\/118"}],"collection":[{"href":"https:\/\/psykoterapiamielenmaja.fi\/index.php?rest_route=\/wp\/v2\/pages"}],"about":[{"href":"https:\/\/psykoterapiamielenmaja.fi\/index.php?rest_route=\/wp\/v2\/types\/page"}],"author":[{"embeddable":true,"href":"https:\/\/psykoterapiamielenmaja.fi\/index.php?rest_route=\/wp\/v2\/users\/1"}],"replies":[{"embeddable":true,"href":"https:\/\/psykoterapiamielenmaja.fi\/index.php?rest_route=%2Fwp%2Fv2%2Fcomments&post=118"}],"version-history":[{"count":11,"href":"https:\/\/psykoterapiamielenmaja.fi\/index.php?rest_route=\/wp\/v2\/pages\/118\/revisions"}],"predecessor-version":[{"id":260,"href":"https:\/\/psykoterapiamielenmaja.fi\/index.php?rest_route=\/wp\/v2\/pages\/118\/revisions\/260"}],"wp:attachment":[{"href":"https:\/\/psykoterapiamielenmaja.fi\/index.php?rest_route=%2Fwp%2Fv2%2Fmedia&parent=118"}],"curies":[{"name":"wp","href":"https:\/\/api.w.org\/{rel}","templated":true}]}}