{"id":16,"date":"2018-01-01T12:35:30","date_gmt":"2018-01-01T10:35:30","guid":{"rendered":"http:\/\/www.psykoterapiamielenmaja.fi\/?page_id=16"},"modified":"2025-11-19T15:02:17","modified_gmt":"2025-11-19T13:02:17","slug":"etusivu","status":"publish","type":"page","link":"https:\/\/psykoterapiamielenmaja.fi\/","title":{"rendered":"Mielenmaja"},"content":{"rendered":"<p><strong>Suvi Karhum\u00e4ki, kognitiivinen psykoterapeutti &amp; psykologi<\/strong><\/p>\n<p>Psykoterapia<\/p>\n<p>Skeematerapia<\/p>\n<p>Psykologin tukik\u00e4ynnit<\/p>\n<p>Kelan \u00a0kuntoutuspsykoterapia<\/p>\n<p>Kelan vaativa l\u00e4\u00e4kinn\u00e4llinen kuntoutus<\/p>\n<p>Vanhempien ohjausk\u00e4ynnit<\/p>\n<p>Mindfulness<\/p>\n<p>Ty\u00f6nohjaus<\/p>\n<p style=\"text-align: left;\">\n","protected":false},"excerpt":{"rendered":"<p>Suvi Karhum\u00e4ki, kognitiivinen psykoterapeutti &amp; psykologi Psykoterapia Skeematerapia Psykologin tukik\u00e4ynnit Kelan \u00a0kuntoutuspsykoterapia Kelan vaativa l\u00e4\u00e4kinn\u00e4llinen kuntoutus Vanhempien ohjausk\u00e4ynnit Mindfulness Ty\u00f6nohjaus<\/p>\n","protected":false},"author":1,"featured_media":0,"parent":0,"menu_order":0,"comment_status":"closed","ping_status":"closed","template":"","meta":{"footnotes":""},"_links":{"self":[{"href":"https:\/\/psykoterapiamielenmaja.fi\/index.php?rest_route=\/wp\/v2\/pages\/16"}],"collection":[{"href":"https:\/\/psykoterapiamielenmaja.fi\/index.php?rest_route=\/wp\/v2\/pages"}],"about":[{"href":"https:\/\/psykoterapiamielenmaja.fi\/index.php?rest_route=\/wp\/v2\/types\/page"}],"author":[{"embeddable":true,"href":"https:\/\/psykoterapiamielenmaja.fi\/index.php?rest_route=\/wp\/v2\/users\/1"}],"replies":[{"embeddable":true,"href":"https:\/\/psykoterapiamielenmaja.fi\/index.php?rest_route=%2Fwp%2Fv2%2Fcomments&post=16"}],"version-history":[{"count":33,"href":"https:\/\/psykoterapiamielenmaja.fi\/index.php?rest_route=\/wp\/v2\/pages\/16\/revisions"}],"predecessor-version":[{"id":278,"href":"https:\/\/psykoterapiamielenmaja.fi\/index.php?rest_route=\/wp\/v2\/pages\/16\/revisions\/278"}],"wp:attachment":[{"href":"https:\/\/psykoterapiamielenmaja.fi\/index.php?rest_route=%2Fwp%2Fv2%2Fmedia&parent=16"}],"curies":[{"name":"wp","href":"https:\/\/api.w.org\/{rel}","templated":true}]}}